{"id":317,"date":"2025-03-11T14:32:29","date_gmt":"2025-03-11T14:32:29","guid":{"rendered":"https:\/\/velocom.com.mx\/servicios\/?page_id=317"},"modified":"2025-03-11T14:32:29","modified_gmt":"2025-03-11T14:32:29","slug":"terminos-y-condiciones-de-uso-de-internet","status":"publish","type":"page","link":"https:\/\/velocom.com.mx\/servicios\/terminos-y-condiciones-de-uso-de-internet\/","title":{"rendered":"T\u00e9rminos y Condiciones de uso de Internet"},"content":{"rendered":"\n<div class=\"wp-block-stackable-text stk-block-text stk-block stk-11eff52\" data-block-id=\"11eff52\"><p class=\"stk-block-text__text\">Las velocidades de transferencia de internet se ofrecen hasta la velocidad indicada, no est\u00e1n garantizadas y pueden variar debido al tr\u00e1fico y transferencia de datos fuera de la red de Velocom S.A. de C.V.<\/p><\/div>\n\n\n\n<p>Se recomienda conectarse v\u00eda al\u00e1mbrica utilizando un cable Ethernet Para navegar a la m\u00e1xima velocidad de descarga contratada. La velocidad de transferencia del Internet depende de las caracter\u00edsticas y especificaciones t\u00e9cnicas de la tarjeta de red o acceso inal\u00e1mbrico del dispositivo usado para navegar.<\/p>\n\n\n\n<p><\/p>\n","protected":false},"excerpt":{"rendered":"<p>Las velocidades de transferencia de internet se ofrecen hasta la velocidad indicada, no est\u00e1n garantizadas y pueden variar debido al tr\u00e1fico y transferencia de datos fuera de la red de Velocom S.A. de C.V. Se recomienda conectarse v\u00eda al\u00e1mbrica utilizando un cable Ethernet Para navegar a la m\u00e1xima velocidad de descarga contratada. La velocidad de [&hellip;]<\/p>\n","protected":false},"author":1,"featured_media":0,"parent":0,"menu_order":0,"comment_status":"closed","ping_status":"closed","template":"","meta":{"footnotes":""},"class_list":["post-317","page","type-page","status-publish","hentry"],"blocksy_meta":[],"_links":{"self":[{"href":"https:\/\/velocom.com.mx\/servicios\/wp-json\/wp\/v2\/pages\/317","targetHints":{"allow":["GET"]}}],"collection":[{"href":"https:\/\/velocom.com.mx\/servicios\/wp-json\/wp\/v2\/pages"}],"about":[{"href":"https:\/\/velocom.com.mx\/servicios\/wp-json\/wp\/v2\/types\/page"}],"author":[{"embeddable":true,"href":"https:\/\/velocom.com.mx\/servicios\/wp-json\/wp\/v2\/users\/1"}],"replies":[{"embeddable":true,"href":"https:\/\/velocom.com.mx\/servicios\/wp-json\/wp\/v2\/comments?post=317"}],"version-history":[{"count":1,"href":"https:\/\/velocom.com.mx\/servicios\/wp-json\/wp\/v2\/pages\/317\/revisions"}],"predecessor-version":[{"id":318,"href":"https:\/\/velocom.com.mx\/servicios\/wp-json\/wp\/v2\/pages\/317\/revisions\/318"}],"wp:attachment":[{"href":"https:\/\/velocom.com.mx\/servicios\/wp-json\/wp\/v2\/media?parent=317"}],"curies":[{"name":"wp","href":"https:\/\/api.w.org\/{rel}","templated":true}]}}