{"id":186,"date":"2025-03-09T21:32:02","date_gmt":"2025-03-09T21:32:02","guid":{"rendered":"https:\/\/velocom.com.mx\/servicios\/?page_id=186"},"modified":"2025-03-11T18:13:02","modified_gmt":"2025-03-11T18:13:02","slug":"contacto","status":"publish","type":"page","link":"https:\/\/velocom.com.mx\/servicios\/contacto\/","title":{"rendered":"Contacto"},"content":{"rendered":"\n<div class=\"wp-block-stackable-columns alignfull stk-block-columns stk-block stk-33878b2 stk-block-background stk--has-background-overlay\" data-block-id=\"33878b2\"><style>.stk-33878b2 {background-image:url(https:\/\/velocom.com.mx\/servicios\/wp-content\/uploads\/2025\/03\/img-6.jpg) !important;}.stk-33878b2:before{opacity:0 !important;}<\/style><div class=\"stk-row stk-inner-blocks stk-block-content stk-content-align stk-33878b2-column\">\n<div class=\"wp-block-stackable-column stk-block-column stk-column stk-block stk-aa1fe49\" data-v=\"4\" data-block-id=\"aa1fe49\"><div class=\"stk-column-wrapper stk-block-column__content stk-container stk-aa1fe49-container stk--no-background stk--no-padding\"><div class=\"stk-block-content stk-inner-blocks stk-aa1fe49-inner-blocks\">\n<div class=\"wp-block-stackable-heading stk-block-heading stk-block-heading--v2 stk-block stk-be31f3a\" id=\"contacto\" data-block-id=\"be31f3a\"><style>.stk-be31f3a {margin-bottom:48px !important;}.stk-be31f3a .stk-block-heading__text{color:var(--theme-palette-color-8, #ffffff) !important;}<\/style><h2 class=\"stk-block-heading__text has-text-color\">Contacto<\/h2><\/div>\n\n\n\n<div class=\"wp-block-stackable-columns stk-block-columns stk-block stk-4eb3108\" data-block-id=\"4eb3108\"><style>.stk-4eb3108-column{--stk-column-gap:48px !important;}<\/style><div class=\"stk-row stk-inner-blocks stk-block-content stk-content-align stk-4eb3108-column\">\n<div class=\"wp-block-stackable-column stk-block-column stk-column stk-block stk-d4e99d7 stk-block-background\" data-v=\"4\" data-block-id=\"d4e99d7\"><style>.stk-d4e99d7 {background-color:#00000000 !important;}.stk-d4e99d7:before{background-color:#00000000 !important;}<\/style><div class=\"stk-column-wrapper stk-block-column__content stk-container stk-d4e99d7-container stk--no-background stk--no-padding\"><div class=\"stk-block-content stk-inner-blocks stk-d4e99d7-inner-blocks\"><\/div><\/div><\/div>\n\n\n\n<div class=\"wp-block-stackable-column stk-block-column stk-column stk-block stk-f938509 stk-block-background\" data-v=\"4\" data-block-id=\"f938509\"><style>.stk-f938509 {background-color:#00000047 !important;min-height:0px !important;align-items:center !important;margin-bottom:97px !important;margin-left:169px !important;display:flex !important;}.stk-f938509:before{background-color:#00000047 !important;}@media screen and (max-width:689px){.stk-f938509 {margin-left:2px !important;}}<\/style><div class=\"stk-column-wrapper stk-block-column__content stk-container stk-f938509-container stk--no-background stk--no-padding\"><div class=\"stk-block-content stk-inner-blocks stk-f938509-inner-blocks\">\n<div class=\"wp-block-stackable-icon-box stk-block-icon-box stk-block stk-3e6f184\" data-v=\"2\" data-block-id=\"3e6f184\"><div class=\"stk-block-content stk-inner-blocks stk-block-icon-box__content stk-container stk-3e6f184-container stk--no-background stk--no-padding\">\n<div class=\"wp-block-stackable-icon-label stk-block-icon-label stk-block stk-5d89640\" data-block-id=\"5d89640\"><div class=\"stk-row stk-inner-blocks stk-block-content\">\n<div class=\"wp-block-stackable-icon stk-block-icon has-text-align-left stk-block stk-d85d430\" data-block-id=\"d85d430\"><style>.stk-d85d430 .stk--svg-wrapper .stk--inner-svg svg:last-child, .stk-d85d430 .stk--svg-wrapper .stk--inner-svg svg:last-child :is(g, path, rect, polygon, ellipse){fill:var(--theme-palette-color-8, #ffffff) !important;}<\/style><span class=\"stk--svg-wrapper\"><div class=\"stk--inner-svg\"><svg style=\"height:0;width:0\"><defs><linearGradient id=\"linear-gradient-d85d430\" x1=\"0\" x2=\"100%\" y1=\"0\" y2=\"0\"><stop offset=\"0%\" style=\"stop-opacity:1;stop-color:var(--linear-gradient-d-85-d-430-color-1)\"><\/stop><stop offset=\"100%\" style=\"stop-opacity:1;stop-color:var(--linear-gradient-d-85-d-430-color-2)\"><\/stop><\/linearGradient><\/defs><\/svg><svg xmlns=\"http:\/\/www.w3.org\/2000\/svg\" viewBox=\"0 0 512 512\" aria-hidden=\"true\" width=\"32\" height=\"32\"><path d=\"M48 64C21.5 64 0 85.5 0 112c0 15.1 7.1 29.3 19.2 38.4L236.8 313.6c11.4 8.5 27 8.5 38.4 0L492.8 150.4c12.1-9.1 19.2-23.3 19.2-38.4c0-26.5-21.5-48-48-48H48zM0 176V384c0 35.3 28.7 64 64 64H448c35.3 0 64-28.7 64-64V176L294.4 339.2c-22.8 17.1-54 17.1-76.8 0L0 176z\"><\/path><\/svg><\/div><\/span><\/div>\n\n\n\n<div class=\"wp-block-stackable-heading stk-block-heading stk-block-heading--v2 stk-block stk-1a415a2\" id=\"correo\" data-block-id=\"1a415a2\"><style>.stk-1a415a2 .stk-block-heading__text{color:var(--theme-palette-color-8, #ffffff) !important;}<\/style><h4 class=\"stk-block-heading__text has-text-color\">Correo<\/h4><\/div>\n<\/div><\/div>\n\n\n\n<div class=\"wp-block-stackable-text stk-block-text stk-block stk-65dfbd4\" data-block-id=\"65dfbd4\"><style>.stk-65dfbd4 .stk-block-text__text{color:var(--theme-palette-color-8, #ffffff) !important;}<\/style><p class=\"stk-block-text__text has-text-color\">ventas@velocom.com.mx<\/p><\/div>\n<\/div><\/div>\n\n\n\n<div class=\"wp-block-stackable-icon-box stk-block-icon-box stk-block stk-f6a4aa8\" data-v=\"2\" data-block-id=\"f6a4aa8\"><div class=\"stk-block-content stk-inner-blocks stk-block-icon-box__content stk-container stk-f6a4aa8-container stk--no-background stk--no-padding\">\n<div class=\"wp-block-stackable-icon-label stk-block-icon-label stk-block stk-4420a20\" data-block-id=\"4420a20\"><div class=\"stk-row stk-inner-blocks stk-block-content\">\n<div class=\"wp-block-stackable-icon stk-block-icon has-text-align-left stk-block stk-664d68f\" data-block-id=\"664d68f\"><style>.stk-664d68f .stk--svg-wrapper .stk--inner-svg svg:last-child, .stk-664d68f .stk--svg-wrapper .stk--inner-svg svg:last-child :is(g, path, rect, polygon, ellipse){fill:var(--theme-palette-color-8, #ffffff) !important;}<\/style><span class=\"stk--svg-wrapper\"><div class=\"stk--inner-svg\"><svg style=\"height:0;width:0\"><defs><linearGradient id=\"linear-gradient-664d68f\" x1=\"0\" x2=\"100%\" y1=\"0\" y2=\"0\"><stop offset=\"0%\" style=\"stop-opacity:1;stop-color:var(--linear-gradient-664-d-68-f-color-1)\"><\/stop><stop offset=\"100%\" style=\"stop-opacity:1;stop-color:var(--linear-gradient-664-d-68-f-color-2)\"><\/stop><\/linearGradient><\/defs><\/svg><svg xmlns=\"http:\/\/www.w3.org\/2000\/svg\" viewBox=\"0 0 512 512\" aria-hidden=\"true\" width=\"32\" height=\"32\"><path d=\"M164.9 24.6c-7.7-18.6-28-28.5-47.4-23.2l-88 24C12.1 30.2 0 46 0 64C0 311.4 200.6 512 448 512c18 0 33.8-12.1 38.6-29.5l24-88c5.3-19.4-4.6-39.7-23.2-47.4l-96-40c-16.3-6.8-35.2-2.1-46.3 11.6L304.7 368C234.3 334.7 177.3 277.7 144 207.3L193.3 167c13.7-11.2 18.4-30 11.6-46.3l-40-96z\"><\/path><\/svg><\/div><\/span><\/div>\n\n\n\n<div class=\"wp-block-stackable-heading stk-block-heading stk-block-heading--v2 stk-block stk-8468d9c\" id=\"telefonos\" data-block-id=\"8468d9c\"><style>.stk-8468d9c .stk-block-heading__text{color:var(--theme-palette-color-8, #ffffff) !important;}<\/style><h4 class=\"stk-block-heading__text has-text-color\">Tel\u00e9fonos<\/h4><\/div>\n<\/div><\/div>\n\n\n\n<div class=\"wp-block-stackable-text stk-block-text stk-block stk-28c0da6\" data-block-id=\"28c0da6\"><style>.stk-28c0da6 .stk-block-text__text{color:var(--theme-palette-color-8, #ffffff) !important;}<\/style><p class=\"stk-block-text__text has-text-color\">353 5335785      &#8211;        353 5335566 y             353 5334037<\/p><\/div>\n<\/div><\/div>\n\n\n\n<div class=\"wp-block-stackable-icon-box stk-block-icon-box stk-block stk-6d589ba\" data-v=\"2\" data-block-id=\"6d589ba\"><div class=\"stk-block-content stk-inner-blocks stk-block-icon-box__content stk-container stk-6d589ba-container stk--no-background stk--no-padding\">\n<div class=\"wp-block-stackable-icon-label stk-block-icon-label stk-block stk-56dade6\" data-block-id=\"56dade6\"><div class=\"stk-row stk-inner-blocks stk-block-content\">\n<div class=\"wp-block-stackable-icon stk-block-icon has-text-align-left stk-block stk-1355dc6\" data-block-id=\"1355dc6\"><style>.stk-1355dc6 .stk--svg-wrapper .stk--inner-svg svg:last-child, .stk-1355dc6 .stk--svg-wrapper .stk--inner-svg svg:last-child :is(g, path, rect, polygon, ellipse){fill:var(--theme-palette-color-8, #ffffff) !important;}<\/style><span class=\"stk--svg-wrapper\"><div class=\"stk--inner-svg\"><svg style=\"height:0;width:0\"><defs><linearGradient id=\"linear-gradient-1355dc6\" x1=\"0\" x2=\"100%\" y1=\"0\" y2=\"0\"><stop offset=\"0%\" style=\"stop-opacity:1;stop-color:var(--linear-gradient-1355-dc-6-color-1)\"><\/stop><stop offset=\"100%\" style=\"stop-opacity:1;stop-color:var(--linear-gradient-1355-dc-6-color-2)\"><\/stop><\/linearGradient><\/defs><\/svg><svg xmlns=\"http:\/\/www.w3.org\/2000\/svg\" viewBox=\"0 0 384 512\" aria-hidden=\"true\" width=\"32\" height=\"32\"><path d=\"M215.7 499.2C267 435 384 279.4 384 192C384 86 298 0 192 0S0 86 0 192c0 87.4 117 243 168.3 307.2c12.3 15.3 35.1 15.3 47.4 0zM192 128a64 64 0 1 1 0 128 64 64 0 1 1 0-128z\"><\/path><\/svg><\/div><\/span><\/div>\n\n\n\n<div class=\"wp-block-stackable-heading stk-block-heading stk-block-heading--v2 stk-block stk-22ced57\" id=\"direccion\" data-block-id=\"22ced57\"><style>.stk-22ced57 .stk-block-heading__text{color:var(--theme-palette-color-8, #ffffff) !important;}<\/style><h4 class=\"stk-block-heading__text has-text-color\">Direcci\u00f3n<\/h4><\/div>\n<\/div><\/div>\n\n\n\n<div class=\"wp-block-stackable-text stk-block-text stk-block stk-b79457c\" data-block-id=\"b79457c\"><style>.stk-b79457c .stk-block-text__text{color:var(--theme-palette-color-8, #ffffff) !important;}<\/style><p class=\"stk-block-text__text has-text-color\">Mariano Azuela No. 2, Fracc. Ma. Isabel. C.P. 59512 Jiquilpan Michoac\u00e1n<\/p><\/div>\n<\/div><\/div>\n<\/div><\/div><\/div>\n<\/div><\/div>\n<\/div><\/div><\/div>\n<\/div><\/div>\n\n\n\n<p><\/p>\n","protected":false},"excerpt":{"rendered":"<p>Contacto Correo ventas@velocom.com.mx Tel\u00e9fonos 353 5335785 &#8211; 353 5335566 y 353 5334037 Direcci\u00f3n Mariano Azuela No. 2, Fracc. Ma. Isabel. C.P. 59512 Jiquilpan Michoac\u00e1n<\/p>\n","protected":false},"author":1,"featured_media":0,"parent":0,"menu_order":0,"comment_status":"closed","ping_status":"closed","template":"","meta":{"footnotes":""},"class_list":["post-186","page","type-page","status-publish","hentry"],"blocksy_meta":{"has_hero_section":"disabled","styles_descriptor":{"styles":{"desktop":"","tablet":"","mobile":""},"google_fonts":[],"version":6}},"_links":{"self":[{"href":"https:\/\/velocom.com.mx\/servicios\/wp-json\/wp\/v2\/pages\/186","targetHints":{"allow":["GET"]}}],"collection":[{"href":"https:\/\/velocom.com.mx\/servicios\/wp-json\/wp\/v2\/pages"}],"about":[{"href":"https:\/\/velocom.com.mx\/servicios\/wp-json\/wp\/v2\/types\/page"}],"author":[{"embeddable":true,"href":"https:\/\/velocom.com.mx\/servicios\/wp-json\/wp\/v2\/users\/1"}],"replies":[{"embeddable":true,"href":"https:\/\/velocom.com.mx\/servicios\/wp-json\/wp\/v2\/comments?post=186"}],"version-history":[{"count":28,"href":"https:\/\/velocom.com.mx\/servicios\/wp-json\/wp\/v2\/pages\/186\/revisions"}],"predecessor-version":[{"id":328,"href":"https:\/\/velocom.com.mx\/servicios\/wp-json\/wp\/v2\/pages\/186\/revisions\/328"}],"wp:attachment":[{"href":"https:\/\/velocom.com.mx\/servicios\/wp-json\/wp\/v2\/media?parent=186"}],"curies":[{"name":"wp","href":"https:\/\/api.w.org\/{rel}","templated":true}]}}